{"id":29552,"date":"2024-09-17T12:31:50","date_gmt":"2024-09-17T10:31:50","guid":{"rendered":"https:\/\/newsite.bobbyandfriends.ch.bobbyandfriends.ch\/?page_id=29552"},"modified":"2025-11-25T16:56:04","modified_gmt":"2025-11-25T15:56:04","slug":"les-accessoires","status":"publish","type":"page","link":"https:\/\/bobbyandfriends.ch\/en\/les-accessoires\/","title":{"rendered":"Accessories"},"content":{"rendered":"<div data-elementor-type=\"wp-page\" data-elementor-id=\"29552\" class=\"elementor elementor-29552\" data-elementor-post-type=\"page\">\n\t\t\t\t\t\t\t<div class=\"elementor-element elementor-element-5cc06ec3 e-flex e-con-boxed e-con e-parent\" data-id=\"5cc06ec3\" data-element_type=\"container\" data-settings=\"{&quot;content_width&quot;:&quot;boxed&quot;}\" data-core-v316-plus=\"true\">\n\t\t\t\t\t<div class=\"e-con-inner\">\n\t\t<div class=\"elementor-element elementor-element-d0b0088 e-flex e-con-boxed e-con e-child\" data-id=\"d0b0088\" data-element_type=\"container\" data-settings=\"{&quot;content_width&quot;:&quot;boxed&quot;}\">\n\t\t\t\t\t<div class=\"e-con-inner\">\n\t\t<div class=\"elementor-element elementor-element-ea2fcb9 e-flex e-con-boxed e-con e-child\" data-id=\"ea2fcb9\" data-element_type=\"container\" data-settings=\"{&quot;content_width&quot;:&quot;boxed&quot;}\">\n\t\t\t\t\t<div class=\"e-con-inner\">\n\t\t\t\t<div class=\"elementor-element elementor-element-dd471fc elementor-widget elementor-widget-heading\" data-id=\"dd471fc\" data-element_type=\"widget\" data-widget_type=\"heading.default\">\n\t\t\t\t<div class=\"elementor-widget-container\">\n\t\t\t<style>\/*! elementor - v3.17.0 - 08-11-2023 *\/\n.elementor-heading-title{padding:0;margin:0;line-height:1}.elementor-widget-heading .elementor-heading-title[class*=elementor-size-]>a{color:inherit;font-size:inherit;line-height:inherit}.elementor-widget-heading .elementor-heading-title.elementor-size-small{font-size:15px}.elementor-widget-heading .elementor-heading-title.elementor-size-medium{font-size:19px}.elementor-widget-heading .elementor-heading-title.elementor-size-large{font-size:29px}.elementor-widget-heading .elementor-heading-title.elementor-size-xl{font-size:39px}.elementor-widget-heading .elementor-heading-title.elementor-size-xxl{font-size:59px}<\/style><h1 class=\"elementor-heading-title elementor-size-default\">Bobby&amp;friends accessories<\/h1>\t\t<\/div>\n\t\t\t\t<\/div>\n\t\t\t\t<div class=\"elementor-element elementor-element-37e9e66 elementor-widget elementor-widget-heading\" data-id=\"37e9e66\" data-element_type=\"widget\" data-widget_type=\"heading.default\">\n\t\t\t\t<div class=\"elementor-widget-container\">\n\t\t\t<h2 class=\"elementor-heading-title elementor-size-default\">Accessories for dogs &amp; cats<\/h2>\t\t<\/div>\n\t\t\t\t<\/div>\n\t\t\t\t<div class=\"elementor-element elementor-element-b0aee42 elementor-widget elementor-widget-heading\" data-id=\"b0aee42\" data-element_type=\"widget\" data-widget_type=\"heading.default\">\n\t\t\t\t<div class=\"elementor-widget-container\">\n\t\t\t<h3 class=\"elementor-heading-title elementor-size-default\">Unique creations, carefully selected.<\/h3>\t\t<\/div>\n\t\t\t\t<\/div>\n\t\t\t\t<div class=\"elementor-element elementor-element-4f2a96c elementor-widget elementor-widget-text-editor\" data-id=\"4f2a96c\" data-element_type=\"widget\" data-widget_type=\"text-editor.default\">\n\t\t\t\t<div class=\"elementor-widget-container\">\n\t\t\t<style>\/*! elementor - v3.17.0 - 08-11-2023 *\/\n.elementor-widget-text-editor.elementor-drop-cap-view-stacked .elementor-drop-cap{background-color:#69727d;color:#fff}.elementor-widget-text-editor.elementor-drop-cap-view-framed .elementor-drop-cap{color:#69727d;border:3px solid;background-color:transparent}.elementor-widget-text-editor:not(.elementor-drop-cap-view-default) .elementor-drop-cap{margin-top:8px}.elementor-widget-text-editor:not(.elementor-drop-cap-view-default) .elementor-drop-cap-letter{width:1em;height:1em}.elementor-widget-text-editor .elementor-drop-cap{float:left;text-align:center;line-height:1;font-size:50px}.elementor-widget-text-editor .elementor-drop-cap-letter{display:inline-block}<\/style>\t\t\t\t<p data-start=\"310\" data-end=\"535\">At <strong data-start=\"315\" data-end=\"334\">Bobby &amp; Friends<\/strong>, we have collars, leashes, harnesses, and bandanas from international designers.<br data-start=\"427\" data-end=\"430\" \/>Elegant, comfortable, and durable, they combine style and quality to show off your companion.<\/p><p data-start=\"537\" data-end=\"613\">Come <strong>directly to the salon<\/strong>\u00a0for a try on your dog !<\/p>\t\t\t\t\t\t<\/div>\n\t\t\t\t<\/div>\n\t\t\t\t\t<\/div>\n\t\t\t\t<\/div>\n\t\t<div class=\"elementor-element elementor-element-5775a4e e-con-full e-flex e-con e-child\" data-id=\"5775a4e\" data-element_type=\"container\" data-settings=\"{&quot;content_width&quot;:&quot;full&quot;}\">\n\t\t\t\t<div class=\"elementor-element elementor-element-7f1d209 elementor-widget elementor-widget-image\" data-id=\"7f1d209\" data-element_type=\"widget\" data-widget_type=\"image.default\">\n\t\t\t\t<div class=\"elementor-widget-container\">\n\t\t\t<style>\/*! elementor - v3.17.0 - 08-11-2023 *\/\n.elementor-widget-image{text-align:center}.elementor-widget-image a{display:inline-block}.elementor-widget-image a img[src$=\".svg\"]{width:48px}.elementor-widget-image img{vertical-align:middle;display:inline-block}<\/style>\t\t\t\t\t\t\t\t\t\t\t\t<img decoding=\"async\" src=\"https:\/\/bobbyandfriends.ch\/wp-content\/uploads\/2025\/11\/blackfrida-3.png\" title=\"\" alt=\"\" loading=\"lazy\" \/>\t\t\t\t\t\t\t\t\t\t\t\t\t\t\t<\/div>\n\t\t\t\t<\/div>\n\t\t\t\t<\/div>\n\t\t\t\t\t<\/div>\n\t\t\t\t<\/div>\n\t\t\t\t<div class=\"elementor-element elementor-element-cd95c13 elementor-widget elementor-widget-heading\" data-id=\"cd95c13\" data-element_type=\"widget\" data-widget_type=\"heading.default\">\n\t\t\t\t<div class=\"elementor-widget-container\">\n\t\t\t<h2 class=\"elementor-heading-title elementor-size-default\">Our partner brands :<\/h2>\t\t<\/div>\n\t\t\t\t<\/div>\n\t\t<div class=\"elementor-element elementor-element-96b2408 e-flex e-con-boxed e-con e-child\" data-id=\"96b2408\" data-element_type=\"container\" data-settings=\"{&quot;content_width&quot;:&quot;boxed&quot;}\">\n\t\t\t\t\t<div class=\"e-con-inner\">\n\t\t<div class=\"elementor-element elementor-element-8e67710 e-con-full e-flex e-con e-child\" data-id=\"8e67710\" data-element_type=\"container\" data-settings=\"{&quot;content_width&quot;:&quot;full&quot;}\">\n\t\t\t\t<div class=\"elementor-element elementor-element-539ba3e elementor-widget elementor-widget-image\" data-id=\"539ba3e\" data-element_type=\"widget\" data-widget_type=\"image.default\">\n\t\t\t\t<div class=\"elementor-widget-container\">\n\t\t\t\t\t\t\t\t\t\t\t\t\t\t\t<img fetchpriority=\"high\" decoding=\"async\" width=\"800\" height=\"800\" src=\"https:\/\/bobbyandfriends.ch\/wp-content\/uploads\/2024\/09\/Ahorasi-Bobbyandfriends.jpg\" class=\"attachment-large size-large wp-image-29574\" alt=\"\" srcset=\"https:\/\/bobbyandfriends.ch\/wp-content\/uploads\/2024\/09\/Ahorasi-Bobbyandfriends.jpg 1024w, https:\/\/bobbyandfriends.ch\/wp-content\/uploads\/2024\/09\/Ahorasi-Bobbyandfriends-300x300.jpg 300w, https:\/\/bobbyandfriends.ch\/wp-content\/uploads\/2024\/09\/Ahorasi-Bobbyandfriends-150x150.jpg 150w, https:\/\/bobbyandfriends.ch\/wp-content\/uploads\/2024\/09\/Ahorasi-Bobbyandfriends-768x768.jpg 768w\" sizes=\"(max-width: 800px) 100vw, 800px\" \/>\t\t\t\t\t\t\t\t\t\t\t\t\t\t\t<\/div>\n\t\t\t\t<\/div>\n\t\t\t\t<\/div>\n\t\t<div class=\"elementor-element elementor-element-de5382e e-flex e-con-boxed e-con e-child\" data-id=\"de5382e\" data-element_type=\"container\" data-settings=\"{&quot;content_width&quot;:&quot;boxed&quot;}\">\n\t\t\t\t\t<div class=\"e-con-inner\">\n\t\t\t\t<div class=\"elementor-element elementor-element-d2a6f93 elementor-widget elementor-widget-heading\" data-id=\"d2a6f93\" data-element_type=\"widget\" data-widget_type=\"heading.default\">\n\t\t\t\t<div class=\"elementor-widget-container\">\n\t\t\t<h3 class=\"elementor-heading-title elementor-size-default\"><strong>Ahorasi<\/strong>\n<\/h3>\t\t<\/div>\n\t\t\t\t<\/div>\n\t\t\t\t<div class=\"elementor-element elementor-element-46400be elementor-widget elementor-widget-text-editor\" data-id=\"46400be\" data-element_type=\"widget\" data-widget_type=\"text-editor.default\">\n\t\t\t\t<div class=\"elementor-widget-container\">\n\t\t\t\t\t\t\t<p><strong>Ethnic chic and unique, just like your dog.<\/strong><\/p>\t\t\t\t\t\t<\/div>\n\t\t\t\t<\/div>\n\t\t\t\t<div class=\"elementor-element elementor-element-e6a2da4 elementor-widget elementor-widget-text-editor\" data-id=\"e6a2da4\" data-element_type=\"widget\" data-widget_type=\"text-editor.default\">\n\t\t\t\t<div class=\"elementor-widget-container\">\n\t\t\t\t\t\t\t<p>Handcrafted Mexican creations, handwoven with durable and colorful materials.<\/p>\t\t\t\t\t\t<\/div>\n\t\t\t\t<\/div>\n\t\t\t\t<div class=\"elementor-element elementor-element-42795c2 elementor-align-left elementor-widget elementor-widget-button\" data-id=\"42795c2\" data-element_type=\"widget\" data-widget_type=\"button.default\">\n\t\t\t\t<div class=\"elementor-widget-container\">\n\t\t\t\t\t<div class=\"elementor-button-wrapper\">\n\t\t\t<a class=\"elementor-button elementor-button-link elementor-size-xs elementor-animation-pop\" href=\"https:\/\/ahorasi.fr\/fr\" target=\"_blank\">\n\t\t\t\t\t\t<span class=\"elementor-button-content-wrapper\">\n\t\t\t\t\t\t<span class=\"elementor-button-text\">ahorasi.fr<\/span>\n\t\t<\/span>\n\t\t\t\t\t<\/a>\n\t\t<\/div>\n\t\t\t\t<\/div>\n\t\t\t\t<\/div>\n\t\t\t\t\t<\/div>\n\t\t\t\t<\/div>\n\t\t\t\t\t<\/div>\n\t\t\t\t<\/div>\n\t\t<div class=\"elementor-element elementor-element-3afdffe e-flex e-con-boxed e-con e-child\" data-id=\"3afdffe\" data-element_type=\"container\" data-settings=\"{&quot;content_width&quot;:&quot;boxed&quot;}\">\n\t\t\t\t\t<div class=\"e-con-inner\">\n\t\t<div class=\"elementor-element elementor-element-a923532 e-con-full e-flex e-con e-child\" data-id=\"a923532\" data-element_type=\"container\" data-settings=\"{&quot;content_width&quot;:&quot;full&quot;}\">\n\t\t\t\t<div class=\"elementor-element elementor-element-c84b75e elementor-widget elementor-widget-image\" data-id=\"c84b75e\" data-element_type=\"widget\" data-widget_type=\"image.default\">\n\t\t\t\t<div class=\"elementor-widget-container\">\n\t\t\t\t\t\t\t\t\t\t\t\t\t\t\t<img decoding=\"async\" width=\"800\" height=\"800\" src=\"https:\/\/bobbyandfriends.ch\/wp-content\/uploads\/2024\/09\/Atelier-Markiz-Bobbyandfriends-1024x1024.jpg\" class=\"attachment-large size-large wp-image-29565\" alt=\"\" srcset=\"https:\/\/bobbyandfriends.ch\/wp-content\/uploads\/2024\/09\/Atelier-Markiz-Bobbyandfriends-1024x1024.jpg 1024w, https:\/\/bobbyandfriends.ch\/wp-content\/uploads\/2024\/09\/Atelier-Markiz-Bobbyandfriends-300x300.jpg 300w, https:\/\/bobbyandfriends.ch\/wp-content\/uploads\/2024\/09\/Atelier-Markiz-Bobbyandfriends-150x150.jpg 150w, https:\/\/bobbyandfriends.ch\/wp-content\/uploads\/2024\/09\/Atelier-Markiz-Bobbyandfriends-768x768.jpg 768w, https:\/\/bobbyandfriends.ch\/wp-content\/uploads\/2024\/09\/Atelier-Markiz-Bobbyandfriends.jpg 1440w\" sizes=\"(max-width: 800px) 100vw, 800px\" \/>\t\t\t\t\t\t\t\t\t\t\t\t\t\t\t<\/div>\n\t\t\t\t<\/div>\n\t\t\t\t<\/div>\n\t\t<div class=\"elementor-element elementor-element-1dd23c1 e-flex e-con-boxed e-con e-child\" data-id=\"1dd23c1\" data-element_type=\"container\" data-settings=\"{&quot;content_width&quot;:&quot;boxed&quot;}\">\n\t\t\t\t\t<div class=\"e-con-inner\">\n\t\t\t\t<div class=\"elementor-element elementor-element-5d75429 elementor-widget elementor-widget-heading\" data-id=\"5d75429\" data-element_type=\"widget\" data-widget_type=\"heading.default\">\n\t\t\t\t<div class=\"elementor-widget-container\">\n\t\t\t<h3 class=\"elementor-heading-title elementor-size-default\"><a href=\"https:\/\/ateliermarkiz.com\" target=\"_blank\"><strong>Atelier Markiz<\/strong>\n<\/a><\/h3>\t\t<\/div>\n\t\t\t\t<\/div>\n\t\t\t\t<div class=\"elementor-element elementor-element-7423d6b elementor-widget elementor-widget-text-editor\" data-id=\"7423d6b\" data-element_type=\"widget\" data-widget_type=\"text-editor.default\">\n\t\t\t\t<div class=\"elementor-widget-container\">\n\t\t\t\t\t\t\t<p><b>Simplicity, durability, and style.<\/b><\/p>\t\t\t\t\t\t<\/div>\n\t\t\t\t<\/div>\n\t\t\t\t<div class=\"elementor-element elementor-element-534b1a8 elementor-widget elementor-widget-text-editor\" data-id=\"534b1a8\" data-element_type=\"widget\" data-widget_type=\"text-editor.default\">\n\t\t\t\t<div class=\"elementor-widget-container\">\n\t\t\t\t\t\t\t<p><span class=\"gmail-Apple-converted-space\">Stylish and practical collars, leashes, and bandanas made from rope and Biothane.\u00a0<\/span><\/p>\t\t\t\t\t\t<\/div>\n\t\t\t\t<\/div>\n\t\t\t\t<div class=\"elementor-element elementor-element-5d5a1f4 elementor-align-left elementor-widget elementor-widget-button\" data-id=\"5d5a1f4\" data-element_type=\"widget\" data-widget_type=\"button.default\">\n\t\t\t\t<div class=\"elementor-widget-container\">\n\t\t\t\t\t<div class=\"elementor-button-wrapper\">\n\t\t\t<a class=\"elementor-button elementor-button-link elementor-size-xs elementor-animation-pop\" href=\"https:\/\/ateliermarkiz.com\" target=\"_blank\">\n\t\t\t\t\t\t<span class=\"elementor-button-content-wrapper\">\n\t\t\t\t\t\t<span class=\"elementor-button-text\">ateliermarkiz.com<\/span>\n\t\t<\/span>\n\t\t\t\t\t<\/a>\n\t\t<\/div>\n\t\t\t\t<\/div>\n\t\t\t\t<\/div>\n\t\t\t\t\t<\/div>\n\t\t\t\t<\/div>\n\t\t\t\t\t<\/div>\n\t\t\t\t<\/div>\n\t\t<div class=\"elementor-element elementor-element-237fa22 e-flex e-con-boxed e-con e-child\" data-id=\"237fa22\" data-element_type=\"container\" data-settings=\"{&quot;content_width&quot;:&quot;boxed&quot;}\">\n\t\t\t\t\t<div class=\"e-con-inner\">\n\t\t<div class=\"elementor-element elementor-element-932cfe6 e-con-full e-flex e-con e-child\" data-id=\"932cfe6\" data-element_type=\"container\" data-settings=\"{&quot;content_width&quot;:&quot;full&quot;}\">\n\t\t\t\t<div class=\"elementor-element elementor-element-2538854 elementor-widget elementor-widget-image\" data-id=\"2538854\" data-element_type=\"widget\" data-widget_type=\"image.default\">\n\t\t\t\t<div class=\"elementor-widget-container\">\n\t\t\t\t\t\t\t\t\t\t\t\t\t\t\t<img decoding=\"async\" width=\"800\" height=\"800\" src=\"https:\/\/bobbyandfriends.ch\/wp-content\/uploads\/2024\/09\/Les-Toutous-flingueurs-Bobbyandfriends.jpg\" class=\"attachment-large size-large wp-image-29575\" alt=\"\" srcset=\"https:\/\/bobbyandfriends.ch\/wp-content\/uploads\/2024\/09\/Les-Toutous-flingueurs-Bobbyandfriends.jpg 1024w, https:\/\/bobbyandfriends.ch\/wp-content\/uploads\/2024\/09\/Les-Toutous-flingueurs-Bobbyandfriends-300x300.jpg 300w, https:\/\/bobbyandfriends.ch\/wp-content\/uploads\/2024\/09\/Les-Toutous-flingueurs-Bobbyandfriends-150x150.jpg 150w, https:\/\/bobbyandfriends.ch\/wp-content\/uploads\/2024\/09\/Les-Toutous-flingueurs-Bobbyandfriends-768x768.jpg 768w\" sizes=\"(max-width: 800px) 100vw, 800px\" \/>\t\t\t\t\t\t\t\t\t\t\t\t\t\t\t<\/div>\n\t\t\t\t<\/div>\n\t\t\t\t<\/div>\n\t\t<div class=\"elementor-element elementor-element-2388d07 e-flex e-con-boxed e-con e-child\" data-id=\"2388d07\" data-element_type=\"container\" data-settings=\"{&quot;content_width&quot;:&quot;boxed&quot;}\">\n\t\t\t\t\t<div class=\"e-con-inner\">\n\t\t\t\t<div class=\"elementor-element elementor-element-a67d7fb elementor-widget elementor-widget-heading\" data-id=\"a67d7fb\" data-element_type=\"widget\" data-widget_type=\"heading.default\">\n\t\t\t\t<div class=\"elementor-widget-container\">\n\t\t\t<h3 class=\"elementor-heading-title elementor-size-default\"><strong>Les Toutous flingueurs<\/strong>\n<\/h3>\t\t<\/div>\n\t\t\t\t<\/div>\n\t\t\t\t<div class=\"elementor-element elementor-element-b739f4a elementor-widget elementor-widget-text-editor\" data-id=\"b739f4a\" data-element_type=\"widget\" data-widget_type=\"text-editor.default\">\n\t\t\t\t<div class=\"elementor-widget-container\">\n\t\t\t\t\t\t\t<p><b>A chic and glamorous look, guaranteed.<\/b><\/p>\t\t\t\t\t\t<\/div>\n\t\t\t\t<\/div>\n\t\t\t\t<div class=\"elementor-element elementor-element-1cef763 elementor-widget elementor-widget-text-editor\" data-id=\"1cef763\" data-element_type=\"widget\" data-widget_type=\"text-editor.default\">\n\t\t\t\t<div class=\"elementor-widget-container\">\n\t\t\t\t\t\t\t<p>100% leather couture collections, with matching leashes and harnesses.<\/p>\t\t\t\t\t\t<\/div>\n\t\t\t\t<\/div>\n\t\t\t\t<div class=\"elementor-element elementor-element-c694947 elementor-align-left elementor-widget elementor-widget-button\" data-id=\"c694947\" data-element_type=\"widget\" data-widget_type=\"button.default\">\n\t\t\t\t<div class=\"elementor-widget-container\">\n\t\t\t\t\t<div class=\"elementor-button-wrapper\">\n\t\t\t<a class=\"elementor-button elementor-button-link elementor-size-xs elementor-animation-pop\" href=\"https:\/\/lestoutousflingueurs.com\" target=\"_blank\">\n\t\t\t\t\t\t<span class=\"elementor-button-content-wrapper\">\n\t\t\t\t\t\t<span class=\"elementor-button-text\">lestoutousflingueurs.com<\/span>\n\t\t<\/span>\n\t\t\t\t\t<\/a>\n\t\t<\/div>\n\t\t\t\t<\/div>\n\t\t\t\t<\/div>\n\t\t\t\t\t<\/div>\n\t\t\t\t<\/div>\n\t\t\t\t\t<\/div>\n\t\t\t\t<\/div>\n\t\t<div class=\"elementor-element elementor-element-df70c26 e-flex e-con-boxed e-con e-child\" data-id=\"df70c26\" data-element_type=\"container\" data-settings=\"{&quot;content_width&quot;:&quot;boxed&quot;}\">\n\t\t\t\t\t<div class=\"e-con-inner\">\n\t\t<div class=\"elementor-element elementor-element-874bf75 e-con-full e-flex e-con e-child\" data-id=\"874bf75\" data-element_type=\"container\" data-settings=\"{&quot;content_width&quot;:&quot;full&quot;}\">\n\t\t\t\t<div class=\"elementor-element elementor-element-cdf31aa elementor-widget elementor-widget-image\" data-id=\"cdf31aa\" data-element_type=\"widget\" data-widget_type=\"image.default\">\n\t\t\t\t<div class=\"elementor-widget-container\">\n\t\t\t\t\t\t\t\t\t\t\t\t\t\t\t<img loading=\"lazy\" decoding=\"async\" width=\"800\" height=\"800\" src=\"https:\/\/bobbyandfriends.ch\/wp-content\/uploads\/2024\/09\/Natachien-Bobbyandfriends-1024x1024.jpg\" class=\"attachment-large size-large wp-image-29576\" alt=\"\" srcset=\"https:\/\/bobbyandfriends.ch\/wp-content\/uploads\/2024\/09\/Natachien-Bobbyandfriends-1024x1024.jpg 1024w, https:\/\/bobbyandfriends.ch\/wp-content\/uploads\/2024\/09\/Natachien-Bobbyandfriends-300x300.jpg 300w, https:\/\/bobbyandfriends.ch\/wp-content\/uploads\/2024\/09\/Natachien-Bobbyandfriends-150x150.jpg 150w, https:\/\/bobbyandfriends.ch\/wp-content\/uploads\/2024\/09\/Natachien-Bobbyandfriends-768x768.jpg 768w, https:\/\/bobbyandfriends.ch\/wp-content\/uploads\/2024\/09\/Natachien-Bobbyandfriends.jpg 1440w\" sizes=\"(max-width: 800px) 100vw, 800px\" \/>\t\t\t\t\t\t\t\t\t\t\t\t\t\t\t<\/div>\n\t\t\t\t<\/div>\n\t\t\t\t<\/div>\n\t\t<div class=\"elementor-element elementor-element-eedd77f e-flex e-con-boxed e-con e-child\" data-id=\"eedd77f\" data-element_type=\"container\" data-settings=\"{&quot;content_width&quot;:&quot;boxed&quot;}\">\n\t\t\t\t\t<div class=\"e-con-inner\">\n\t\t\t\t<div class=\"elementor-element elementor-element-2a67066 elementor-widget elementor-widget-heading\" data-id=\"2a67066\" data-element_type=\"widget\" data-widget_type=\"heading.default\">\n\t\t\t\t<div class=\"elementor-widget-container\">\n\t\t\t<h3 class=\"elementor-heading-title elementor-size-default\"><strong>Nata'Chien<\/strong>\n<\/h3>\t\t<\/div>\n\t\t\t\t<\/div>\n\t\t\t\t<div class=\"elementor-element elementor-element-265167c elementor-widget elementor-widget-text-editor\" data-id=\"265167c\" data-element_type=\"widget\" data-widget_type=\"text-editor.default\">\n\t\t\t\t<div class=\"elementor-widget-container\">\n\t\t\t\t\t\t\t<p><b>A handcrafted, refined accessory, one of a kind.<\/b><\/p>\t\t\t\t\t\t<\/div>\n\t\t\t\t<\/div>\n\t\t\t\t<div class=\"elementor-element elementor-element-cfb593e elementor-widget elementor-widget-text-editor\" data-id=\"cfb593e\" data-element_type=\"widget\" data-widget_type=\"text-editor.default\">\n\t\t\t\t<div class=\"elementor-widget-container\">\n\t\t\t\t\t\t\t<p>Leather necklaces adorned with Masai beads, hand-sewn.<\/p>\t\t\t\t\t\t<\/div>\n\t\t\t\t<\/div>\n\t\t\t\t<div class=\"elementor-element elementor-element-3618bc6 elementor-align-left elementor-widget elementor-widget-button\" data-id=\"3618bc6\" data-element_type=\"widget\" data-widget_type=\"button.default\">\n\t\t\t\t<div class=\"elementor-widget-container\">\n\t\t\t\t\t<div class=\"elementor-button-wrapper\">\n\t\t\t<a class=\"elementor-button elementor-button-link elementor-size-xs elementor-animation-pop\" href=\"https:\/\/natachien.com\/fr\/\" target=\"_blank\">\n\t\t\t\t\t\t<span class=\"elementor-button-content-wrapper\">\n\t\t\t\t\t\t<span class=\"elementor-button-text\">natachien.com<\/span>\n\t\t<\/span>\n\t\t\t\t\t<\/a>\n\t\t<\/div>\n\t\t\t\t<\/div>\n\t\t\t\t<\/div>\n\t\t\t\t\t<\/div>\n\t\t\t\t<\/div>\n\t\t\t\t\t<\/div>\n\t\t\t\t<\/div>\n\t\t\t\t<div class=\"elementor-element elementor-element-b8f7ef6 elementor-widget elementor-widget-heading\" data-id=\"b8f7ef6\" data-element_type=\"widget\" data-widget_type=\"heading.default\">\n\t\t\t\t<div class=\"elementor-widget-container\">\n\t\t\t<h2 class=\"elementor-heading-title elementor-size-default\">Come and discover our accessories in store<\/h2>\t\t<\/div>\n\t\t\t\t<\/div>\n\t\t\t\t<div class=\"elementor-element elementor-element-5d3801a elementor-widget elementor-widget-text-editor\" data-id=\"5d3801a\" data-element_type=\"widget\" data-widget_type=\"text-editor.default\">\n\t\t\t\t<div class=\"elementor-widget-container\">\n\t\t\t\t\t\t\t<p data-start=\"537\" data-end=\"613\">Try it on your dog or cat, choose the perfect size, and leave with a unique look.<\/p><p data-start=\"537\" data-end=\"613\">Located in the heart of Montreux<\/p><p data-start=\"537\" data-end=\"613\">We are available from <strong>Tuesday to Saturday, from 10 a.m. to 7 p.m.<\/strong><\/p>\t\t\t\t\t\t<\/div>\n\t\t\t\t<\/div>\n\t\t\t\t\t<\/div>\n\t\t\t\t<\/div>\n\t\t\t\t\t\t\t<\/div>","protected":false},"excerpt":{"rendered":"<p>Bobby&#038;friends accessoires Accessoires pour chiens &#038; chats Des cr\u00e9ations uniques, s\u00e9lectionn\u00e9es avec soin. Chez Bobby &amp; Friends, nous vous proposons des colliers, laisses, harnais et bandanas de cr\u00e9ateurs internationaux.\u00c9l\u00e9gants, confortables et durables, ils allient style et qualit\u00e9 pour mettre en valeur votre compagnon. Venez directement au salon\u00a0pour un essayage sur votre toutou ! Nos marques [&hellip;]<\/p>","protected":false},"author":3,"featured_media":0,"parent":0,"menu_order":0,"comment_status":"closed","ping_status":"closed","template":"","meta":{"footnotes":""},"class_list":["post-29552","page","type-page","status-publish","hentry"],"_links":{"self":[{"href":"https:\/\/bobbyandfriends.ch\/en\/wp-json\/wp\/v2\/pages\/29552","targetHints":{"allow":["GET"]}}],"collection":[{"href":"https:\/\/bobbyandfriends.ch\/en\/wp-json\/wp\/v2\/pages"}],"about":[{"href":"https:\/\/bobbyandfriends.ch\/en\/wp-json\/wp\/v2\/types\/page"}],"author":[{"embeddable":true,"href":"https:\/\/bobbyandfriends.ch\/en\/wp-json\/wp\/v2\/users\/3"}],"replies":[{"embeddable":true,"href":"https:\/\/bobbyandfriends.ch\/en\/wp-json\/wp\/v2\/comments?post=29552"}],"version-history":[{"count":0,"href":"https:\/\/bobbyandfriends.ch\/en\/wp-json\/wp\/v2\/pages\/29552\/revisions"}],"wp:attachment":[{"href":"https:\/\/bobbyandfriends.ch\/en\/wp-json\/wp\/v2\/media?parent=29552"}],"curies":[{"name":"wp","href":"https:\/\/api.w.org\/{rel}","templated":true}]}}