{"id":28978,"date":"2023-11-20T09:50:16","date_gmt":"2023-11-20T08:50:16","guid":{"rendered":"https:\/\/newsite.bobbyandfriends.ch.bobbyandfriends.ch\/?page_id=28978"},"modified":"2025-11-03T11:18:35","modified_gmt":"2025-11-03T10:18:35","slug":"les-chats","status":"publish","type":"page","link":"https:\/\/bobbyandfriends.ch\/en\/les-chats\/","title":{"rendered":"Cats"},"content":{"rendered":"<div data-elementor-type=\"wp-page\" data-elementor-id=\"28978\" class=\"elementor elementor-28978\" data-elementor-post-type=\"page\">\n\t\t\t\t\t\t\t<div class=\"elementor-element elementor-element-5cc06ec3 e-flex e-con-boxed e-con e-parent\" data-id=\"5cc06ec3\" data-element_type=\"container\" data-settings=\"{&quot;content_width&quot;:&quot;boxed&quot;}\" data-core-v316-plus=\"true\">\n\t\t\t\t\t<div class=\"e-con-inner\">\n\t\t<div class=\"elementor-element elementor-element-d0b0088 e-flex e-con-boxed e-con e-child\" data-id=\"d0b0088\" data-element_type=\"container\" data-settings=\"{&quot;content_width&quot;:&quot;boxed&quot;}\">\n\t\t\t\t\t<div class=\"e-con-inner\">\n\t\t<div class=\"elementor-element elementor-element-ea2fcb9 e-flex e-con-boxed e-con e-child\" data-id=\"ea2fcb9\" data-element_type=\"container\" data-settings=\"{&quot;content_width&quot;:&quot;boxed&quot;}\">\n\t\t\t\t\t<div class=\"e-con-inner\">\n\t\t\t\t<div class=\"elementor-element elementor-element-dd471fc elementor-widget elementor-widget-heading\" data-id=\"dd471fc\" data-element_type=\"widget\" data-widget_type=\"heading.default\">\n\t\t\t\t<div class=\"elementor-widget-container\">\n\t\t\t<style>\/*! elementor - v3.17.0 - 08-11-2023 *\/\n.elementor-heading-title{padding:0;margin:0;line-height:1}.elementor-widget-heading .elementor-heading-title[class*=elementor-size-]>a{color:inherit;font-size:inherit;line-height:inherit}.elementor-widget-heading .elementor-heading-title.elementor-size-small{font-size:15px}.elementor-widget-heading .elementor-heading-title.elementor-size-medium{font-size:19px}.elementor-widget-heading .elementor-heading-title.elementor-size-large{font-size:29px}.elementor-widget-heading .elementor-heading-title.elementor-size-xl{font-size:39px}.elementor-widget-heading .elementor-heading-title.elementor-size-xxl{font-size:59px}<\/style><h1 class=\"elementor-heading-title elementor-size-default\">Grooming<\/h1>\t\t<\/div>\n\t\t\t\t<\/div>\n\t\t\t\t<div class=\"elementor-element elementor-element-37e9e66 elementor-widget elementor-widget-heading\" data-id=\"37e9e66\" data-element_type=\"widget\" data-widget_type=\"heading.default\">\n\t\t\t\t<div class=\"elementor-widget-container\">\n\t\t\t<h2 class=\"elementor-heading-title elementor-size-default\">Cats grooming<\/h2>\t\t<\/div>\n\t\t\t\t<\/div>\n\t\t\t\t<div class=\"elementor-element elementor-element-03f88ee elementor-hidden-desktop elementor-widget elementor-widget-image\" data-id=\"03f88ee\" data-element_type=\"widget\" data-widget_type=\"image.default\">\n\t\t\t\t<div class=\"elementor-widget-container\">\n\t\t\t<style>\/*! elementor - v3.17.0 - 08-11-2023 *\/\n.elementor-widget-image{text-align:center}.elementor-widget-image a{display:inline-block}.elementor-widget-image a img[src$=\".svg\"]{width:48px}.elementor-widget-image img{vertical-align:middle;display:inline-block}<\/style>\t\t\t\t\t\t\t\t\t\t\t\t<img fetchpriority=\"high\" decoding=\"async\" width=\"800\" height=\"800\" src=\"https:\/\/bobbyandfriends.ch\/wp-content\/uploads\/2023\/11\/Chat-Bobbyandfriends-1024x1024.jpg\" class=\"attachment-large size-large wp-image-28849\" alt=\"\" srcset=\"https:\/\/bobbyandfriends.ch\/wp-content\/uploads\/2023\/11\/Chat-Bobbyandfriends-1024x1024.jpg 1024w, https:\/\/bobbyandfriends.ch\/wp-content\/uploads\/2023\/11\/Chat-Bobbyandfriends-300x300.jpg 300w, https:\/\/bobbyandfriends.ch\/wp-content\/uploads\/2023\/11\/Chat-Bobbyandfriends-150x150.jpg 150w, https:\/\/bobbyandfriends.ch\/wp-content\/uploads\/2023\/11\/Chat-Bobbyandfriends-768x768.jpg 768w, https:\/\/bobbyandfriends.ch\/wp-content\/uploads\/2023\/11\/Chat-Bobbyandfriends-1536x1536.jpg 1536w, https:\/\/bobbyandfriends.ch\/wp-content\/uploads\/2023\/11\/Chat-Bobbyandfriends-2048x2048.jpg 2048w\" sizes=\"(max-width: 800px) 100vw, 800px\" \/>\t\t\t\t\t\t\t\t\t\t\t\t\t\t\t<\/div>\n\t\t\t\t<\/div>\n\t\t\t\t<div class=\"elementor-element elementor-element-30236d2 elementor-widget elementor-widget-text-editor\" data-id=\"30236d2\" data-element_type=\"widget\" data-widget_type=\"text-editor.default\">\n\t\t\t\t<div class=\"elementor-widget-container\">\n\t\t\t<style>\/*! elementor - v3.17.0 - 08-11-2023 *\/\n.elementor-widget-text-editor.elementor-drop-cap-view-stacked .elementor-drop-cap{background-color:#69727d;color:#fff}.elementor-widget-text-editor.elementor-drop-cap-view-framed .elementor-drop-cap{color:#69727d;border:3px solid;background-color:transparent}.elementor-widget-text-editor:not(.elementor-drop-cap-view-default) .elementor-drop-cap{margin-top:8px}.elementor-widget-text-editor:not(.elementor-drop-cap-view-default) .elementor-drop-cap-letter{width:1em;height:1em}.elementor-widget-text-editor .elementor-drop-cap{float:left;text-align:center;line-height:1;font-size:50px}.elementor-widget-text-editor .elementor-drop-cap-letter{display:inline-block}<\/style>\t\t\t\t<p>Treat your cat with a complete care to improve its comfort, health, and coat.<\/p><p>Tailored for every need, from simple brushing to thorough detangling.<\/p>\t\t\t\t\t\t<\/div>\n\t\t\t\t<\/div>\n\t\t\t\t<div class=\"elementor-element elementor-element-81d3761 elementor-widget elementor-widget-text-editor\" data-id=\"81d3761\" data-element_type=\"widget\" data-widget_type=\"text-editor.default\">\n\t\t\t\t<div class=\"elementor-widget-container\">\n\t\t\t\t\t\t\t<p><b>What's included:<\/b><\/p>\t\t\t\t\t\t<\/div>\n\t\t\t\t<\/div>\n\t\t\t\t<div class=\"elementor-element elementor-element-a99fc8e elementor-icon-list--layout-traditional elementor-list-item-link-full_width elementor-widget elementor-widget-icon-list\" data-id=\"a99fc8e\" data-element_type=\"widget\" data-widget_type=\"icon-list.default\">\n\t\t\t\t<div class=\"elementor-widget-container\">\n\t\t\t<link rel=\"stylesheet\" href=\"https:\/\/bobbyandfriends.ch\/wp-content\/plugins\/elementor\/assets\/css\/widget-icon-list.min.css\">\t\t<ul class=\"elementor-icon-list-items\">\n\t\t\t\t\t\t\t<li class=\"elementor-icon-list-item\">\n\t\t\t\t\t\t\t\t\t\t\t<span class=\"elementor-icon-list-icon\">\n\t\t\t\t\t\t\t<i aria-hidden=\"true\" class=\"fas fa-paw\"><\/i>\t\t\t\t\t\t<\/span>\n\t\t\t\t\t\t\t\t\t\t<span class=\"elementor-icon-list-text\">Gentle brushing<\/span>\n\t\t\t\t\t\t\t\t\t<\/li>\n\t\t\t\t\t\t\t\t<li class=\"elementor-icon-list-item\">\n\t\t\t\t\t\t\t\t\t\t\t<span class=\"elementor-icon-list-icon\">\n\t\t\t\t\t\t\t<i aria-hidden=\"true\" class=\"fas fa-paw\"><\/i>\t\t\t\t\t\t<\/span>\n\t\t\t\t\t\t\t\t\t\t<span class=\"elementor-icon-list-text\">Professional detangling<\/span>\n\t\t\t\t\t\t\t\t\t<\/li>\n\t\t\t\t\t\t\t\t<li class=\"elementor-icon-list-item\">\n\t\t\t\t\t\t\t\t\t\t\t<span class=\"elementor-icon-list-icon\">\n\t\t\t\t\t\t\t<i aria-hidden=\"true\" class=\"fas fa-paw\"><\/i>\t\t\t\t\t\t<\/span>\n\t\t\t\t\t\t\t\t\t\t<span class=\"elementor-icon-list-text\">Suitable dry shampoo<\/span>\n\t\t\t\t\t\t\t\t\t<\/li>\n\t\t\t\t\t\t\t\t<li class=\"elementor-icon-list-item\">\n\t\t\t\t\t\t\t\t\t\t\t<span class=\"elementor-icon-list-icon\">\n\t\t\t\t\t\t\t<i aria-hidden=\"true\" class=\"fas fa-paw\"><\/i>\t\t\t\t\t\t<\/span>\n\t\t\t\t\t\t\t\t\t\t<span class=\"elementor-icon-list-text\">Claw trimming, eye and ear cleaning<\/span>\n\t\t\t\t\t\t\t\t\t<\/li>\n\t\t\t\t\t\t<\/ul>\n\t\t\t\t<\/div>\n\t\t\t\t<\/div>\n\t\t\t\t<div class=\"elementor-element elementor-element-5c419e7 elementor-widget elementor-widget-text-editor\" data-id=\"5c419e7\" data-element_type=\"widget\" data-widget_type=\"text-editor.default\">\n\t\t\t\t<div class=\"elementor-widget-container\">\n\t\t\t\t\t\t\t<h4><b>\u00a0Prices :<\/b><\/h4><ul><li><span style=\"color: #0c5285;\"><strong>CHF 60.-\u00a0<\/strong>(at the salon)<\/span><\/li><li><span style=\"color: #0c5285;\"><strong>CHF 80.-<\/strong>\u00a0(at home)<\/span><\/li><\/ul><div>\u00a0<\/div><p>\u00a0<img decoding=\"async\" class=\"emoji\" role=\"img\" draggable=\"false\" src=\"https:\/\/s.w.org\/images\/core\/emoji\/16.0.1\/svg\/23f1.svg\" alt=\"\u23f1\ufe0f\" \/>Duration depends on weight, age, and condition of coat.<\/p>\t\t\t\t\t\t<\/div>\n\t\t\t\t<\/div>\n\t\t\t\t<div class=\"elementor-element elementor-element-dfe2403 elementor-align-center elementor-widget elementor-widget-button\" data-id=\"dfe2403\" data-element_type=\"widget\" data-widget_type=\"button.default\">\n\t\t\t\t<div class=\"elementor-widget-container\">\n\t\t\t\t\t<div class=\"elementor-button-wrapper\">\n\t\t\t<a class=\"elementor-button elementor-button-link elementor-size-lg elementor-animation-bounce-in\" href=\"https:\/\/book.agenda.ch\/services\/pick?add=&amp;companyId=12670\">\n\t\t\t\t\t\t<span class=\"elementor-button-content-wrapper\">\n\t\t\t\t\t\t<span class=\"elementor-button-text\">Book a grooming<\/span>\n\t\t<\/span>\n\t\t\t\t\t<\/a>\n\t\t<\/div>\n\t\t\t\t<\/div>\n\t\t\t\t<\/div>\n\t\t\t\t\t<\/div>\n\t\t\t\t<\/div>\n\t\t<div class=\"elementor-element elementor-element-19e53f1 e-con-full e-flex e-con e-child\" data-id=\"19e53f1\" data-element_type=\"container\" data-settings=\"{&quot;content_width&quot;:&quot;full&quot;}\">\n\t\t\t\t<div class=\"elementor-element elementor-element-99e313b elementor-hidden-mobile elementor-hidden-tablet elementor-widget elementor-widget-image\" data-id=\"99e313b\" data-element_type=\"widget\" data-widget_type=\"image.default\">\n\t\t\t\t<div class=\"elementor-widget-container\">\n\t\t\t\t\t\t\t\t\t\t\t\t\t\t\t<img fetchpriority=\"high\" decoding=\"async\" width=\"800\" height=\"800\" src=\"https:\/\/bobbyandfriends.ch\/wp-content\/uploads\/2023\/11\/Chat-Bobbyandfriends-1024x1024.jpg\" class=\"attachment-large size-large wp-image-28849\" alt=\"\" srcset=\"https:\/\/bobbyandfriends.ch\/wp-content\/uploads\/2023\/11\/Chat-Bobbyandfriends-1024x1024.jpg 1024w, https:\/\/bobbyandfriends.ch\/wp-content\/uploads\/2023\/11\/Chat-Bobbyandfriends-300x300.jpg 300w, https:\/\/bobbyandfriends.ch\/wp-content\/uploads\/2023\/11\/Chat-Bobbyandfriends-150x150.jpg 150w, https:\/\/bobbyandfriends.ch\/wp-content\/uploads\/2023\/11\/Chat-Bobbyandfriends-768x768.jpg 768w, https:\/\/bobbyandfriends.ch\/wp-content\/uploads\/2023\/11\/Chat-Bobbyandfriends-1536x1536.jpg 1536w, https:\/\/bobbyandfriends.ch\/wp-content\/uploads\/2023\/11\/Chat-Bobbyandfriends-2048x2048.jpg 2048w\" sizes=\"(max-width: 800px) 100vw, 800px\" \/>\t\t\t\t\t\t\t\t\t\t\t\t\t\t\t<\/div>\n\t\t\t\t<\/div>\n\t\t\t\t<\/div>\n\t\t\t\t\t<\/div>\n\t\t\t\t<\/div>\n\t\t<div class=\"elementor-element elementor-element-b3c11b6 e-flex e-con-boxed e-con e-child\" data-id=\"b3c11b6\" data-element_type=\"container\" data-settings=\"{&quot;content_width&quot;:&quot;boxed&quot;}\">\n\t\t\t\t\t<div class=\"e-con-inner\">\n\t\t<div class=\"elementor-element elementor-element-098e7e2 e-con-full e-flex e-con e-child\" data-id=\"098e7e2\" data-element_type=\"container\" data-settings=\"{&quot;content_width&quot;:&quot;full&quot;}\">\n\t\t\t\t<div class=\"elementor-element elementor-element-a9586b4 elementor-widget elementor-widget-image\" data-id=\"a9586b4\" data-element_type=\"widget\" data-widget_type=\"image.default\">\n\t\t\t\t<div class=\"elementor-widget-container\">\n\t\t\t\t\t\t\t\t\t\t\t\t\t\t\t<img decoding=\"async\" width=\"800\" height=\"800\" src=\"https:\/\/bobbyandfriends.ch\/wp-content\/uploads\/2024\/09\/Toilettage-chats-7.jpg\" class=\"attachment-large size-large wp-image-29509\" alt=\"\" srcset=\"https:\/\/bobbyandfriends.ch\/wp-content\/uploads\/2024\/09\/Toilettage-chats-7.jpg 1024w, https:\/\/bobbyandfriends.ch\/wp-content\/uploads\/2024\/09\/Toilettage-chats-7-300x300.jpg 300w, https:\/\/bobbyandfriends.ch\/wp-content\/uploads\/2024\/09\/Toilettage-chats-7-150x150.jpg 150w, https:\/\/bobbyandfriends.ch\/wp-content\/uploads\/2024\/09\/Toilettage-chats-7-768x768.jpg 768w\" sizes=\"(max-width: 800px) 100vw, 800px\" \/>\t\t\t\t\t\t\t\t\t\t\t\t\t\t\t<\/div>\n\t\t\t\t<\/div>\n\t\t\t\t<\/div>\n\t\t<div class=\"elementor-element elementor-element-0f59043 e-con-full e-flex e-con e-child\" data-id=\"0f59043\" data-element_type=\"container\" data-settings=\"{&quot;content_width&quot;:&quot;full&quot;}\">\n\t\t\t\t<div class=\"elementor-element elementor-element-1ae9b0b elementor-widget elementor-widget-image\" data-id=\"1ae9b0b\" data-element_type=\"widget\" data-widget_type=\"image.default\">\n\t\t\t\t<div class=\"elementor-widget-container\">\n\t\t\t\t\t\t\t\t\t\t\t\t\t\t\t<img decoding=\"async\" width=\"800\" height=\"800\" src=\"https:\/\/bobbyandfriends.ch\/wp-content\/uploads\/2024\/09\/Toilettage-chats-6.jpg\" class=\"attachment-large size-large wp-image-29508\" alt=\"\" srcset=\"https:\/\/bobbyandfriends.ch\/wp-content\/uploads\/2024\/09\/Toilettage-chats-6.jpg 1024w, https:\/\/bobbyandfriends.ch\/wp-content\/uploads\/2024\/09\/Toilettage-chats-6-300x300.jpg 300w, https:\/\/bobbyandfriends.ch\/wp-content\/uploads\/2024\/09\/Toilettage-chats-6-150x150.jpg 150w, https:\/\/bobbyandfriends.ch\/wp-content\/uploads\/2024\/09\/Toilettage-chats-6-768x768.jpg 768w\" sizes=\"(max-width: 800px) 100vw, 800px\" \/>\t\t\t\t\t\t\t\t\t\t\t\t\t\t\t<\/div>\n\t\t\t\t<\/div>\n\t\t\t\t<\/div>\n\t\t<div class=\"elementor-element elementor-element-36c198c e-con-full e-flex e-con e-child\" data-id=\"36c198c\" data-element_type=\"container\" data-settings=\"{&quot;content_width&quot;:&quot;full&quot;}\">\n\t\t\t\t<div class=\"elementor-element elementor-element-3dedaa6 elementor-widget elementor-widget-image\" data-id=\"3dedaa6\" data-element_type=\"widget\" data-widget_type=\"image.default\">\n\t\t\t\t<div class=\"elementor-widget-container\">\n\t\t\t\t\t\t\t\t\t\t\t\t\t\t\t<img loading=\"lazy\" decoding=\"async\" width=\"800\" height=\"800\" src=\"https:\/\/bobbyandfriends.ch\/wp-content\/uploads\/2023\/11\/Toilettage-chat-3-1024x1024.jpg\" class=\"attachment-large size-large wp-image-28985\" alt=\"\" srcset=\"https:\/\/bobbyandfriends.ch\/wp-content\/uploads\/2023\/11\/Toilettage-chat-3-1024x1024.jpg 1024w, https:\/\/bobbyandfriends.ch\/wp-content\/uploads\/2023\/11\/Toilettage-chat-3-300x300.jpg 300w, https:\/\/bobbyandfriends.ch\/wp-content\/uploads\/2023\/11\/Toilettage-chat-3-150x150.jpg 150w, https:\/\/bobbyandfriends.ch\/wp-content\/uploads\/2023\/11\/Toilettage-chat-3-768x768.jpg 768w, https:\/\/bobbyandfriends.ch\/wp-content\/uploads\/2023\/11\/Toilettage-chat-3.jpg 1066w\" sizes=\"(max-width: 800px) 100vw, 800px\" \/>\t\t\t\t\t\t\t\t\t\t\t\t\t\t\t<\/div>\n\t\t\t\t<\/div>\n\t\t\t\t<\/div>\n\t\t<div class=\"elementor-element elementor-element-b2c78fd e-con-full e-flex e-con e-child\" data-id=\"b2c78fd\" data-element_type=\"container\" data-settings=\"{&quot;content_width&quot;:&quot;full&quot;}\">\n\t\t\t\t<div class=\"elementor-element elementor-element-2f9663d elementor-widget elementor-widget-image\" data-id=\"2f9663d\" data-element_type=\"widget\" data-widget_type=\"image.default\">\n\t\t\t\t<div class=\"elementor-widget-container\">\n\t\t\t\t\t\t\t\t\t\t\t\t\t\t\t<img loading=\"lazy\" decoding=\"async\" width=\"800\" height=\"800\" src=\"https:\/\/bobbyandfriends.ch\/wp-content\/uploads\/2024\/09\/Toilettage-chats-5.jpg\" class=\"attachment-large size-large wp-image-29507\" alt=\"\" srcset=\"https:\/\/bobbyandfriends.ch\/wp-content\/uploads\/2024\/09\/Toilettage-chats-5.jpg 1024w, https:\/\/bobbyandfriends.ch\/wp-content\/uploads\/2024\/09\/Toilettage-chats-5-300x300.jpg 300w, https:\/\/bobbyandfriends.ch\/wp-content\/uploads\/2024\/09\/Toilettage-chats-5-150x150.jpg 150w, https:\/\/bobbyandfriends.ch\/wp-content\/uploads\/2024\/09\/Toilettage-chats-5-768x768.jpg 768w\" sizes=\"(max-width: 800px) 100vw, 800px\" \/>\t\t\t\t\t\t\t\t\t\t\t\t\t\t\t<\/div>\n\t\t\t\t<\/div>\n\t\t\t\t<\/div>\n\t\t\t\t\t<\/div>\n\t\t\t\t<\/div>\n\t\t<div class=\"elementor-element elementor-element-4ec8dd4 e-flex e-con-boxed e-con e-child\" data-id=\"4ec8dd4\" data-element_type=\"container\" data-settings=\"{&quot;content_width&quot;:&quot;boxed&quot;}\">\n\t\t\t\t\t<div class=\"e-con-inner\">\n\t\t\t\t<div class=\"elementor-element elementor-element-df96c06 elementor-widget elementor-widget-text-editor\" data-id=\"df96c06\" data-element_type=\"widget\" data-widget_type=\"text-editor.default\">\n\t\t\t\t<div class=\"elementor-widget-container\">\n\t\t\t\t\t\t\t<p>Cats take care of themselves, but their coats often need extra help, especially during shedding season. Regular grooming prevents tangles, reduces stress, and ensures healthy skin.<\/p><p>\u00a0<\/p><p>Long-haired cats need more frequent brushing to prevent painful knots and matting.<\/p>\t\t\t\t\t\t<\/div>\n\t\t\t\t<\/div>\n\t\t\t\t\t<\/div>\n\t\t\t\t<\/div>\n\t\t\t\t<div class=\"elementor-element elementor-element-1ae70e8 elementor-align-right elementor-invisible elementor-widget elementor-widget-button\" data-id=\"1ae70e8\" data-element_type=\"widget\" data-settings=\"{&quot;motion_fx_motion_fx_scrolling&quot;:&quot;yes&quot;,&quot;motion_fx_translateX_effect&quot;:&quot;yes&quot;,&quot;motion_fx_translateX_speed&quot;:{&quot;unit&quot;:&quot;px&quot;,&quot;size&quot;:5,&quot;sizes&quot;:[]},&quot;motion_fx_devices&quot;:[&quot;desktop&quot;],&quot;sticky&quot;:&quot;bottom&quot;,&quot;_animation&quot;:&quot;headShake&quot;,&quot;sticky_offset&quot;:47,&quot;motion_fx_translateX_affectedRange&quot;:{&quot;unit&quot;:&quot;%&quot;,&quot;size&quot;:&quot;&quot;,&quot;sizes&quot;:{&quot;start&quot;:0,&quot;end&quot;:100}},&quot;sticky_on&quot;:[&quot;desktop&quot;,&quot;tablet&quot;,&quot;mobile&quot;],&quot;sticky_effects_offset&quot;:0}\" data-widget_type=\"button.default\">\n\t\t\t\t<div class=\"elementor-widget-container\">\n\t\t\t\t\t<div class=\"elementor-button-wrapper\">\n\t\t\t<a class=\"elementor-button elementor-button-link elementor-size-lg elementor-animation-bounce-in\" href=\"https:\/\/book.agenda.ch\/services\/pick?add=&amp;companyId=12670\">\n\t\t\t\t\t\t<span class=\"elementor-button-content-wrapper\">\n\t\t\t\t\t\t<span class=\"elementor-button-text\">Book a grooming<\/span>\n\t\t<\/span>\n\t\t\t\t\t<\/a>\n\t\t<\/div>\n\t\t\t\t<\/div>\n\t\t\t\t<\/div>\n\t\t\t\t\t<\/div>\n\t\t\t\t<\/div>\n\t\t\t\t\t\t\t<\/div>","protected":false},"excerpt":{"rendered":"<p>toilettages Toilettage pour chats Offrez \u00e0 votre chat un soin complet pour am\u00e9liorer son confort, sa sant\u00e9 et la beaut\u00e9 de son pelage. Adapt\u00e9 \u00e0 chaque besoin, du simple brossage au d\u00e9m\u00ealage approfondi. Ce qui est inclus: Brossage doux D\u00e9m\u00ealage professionnel Shampoing sec adapt\u00e9 Coupe des griffes, nettoyage des yeux et oreilles \u00a0Tarifs : CHF [&hellip;]<\/p>","protected":false},"author":3,"featured_media":0,"parent":0,"menu_order":0,"comment_status":"closed","ping_status":"closed","template":"","meta":{"footnotes":""},"class_list":["post-28978","page","type-page","status-publish","hentry"],"_links":{"self":[{"href":"https:\/\/bobbyandfriends.ch\/en\/wp-json\/wp\/v2\/pages\/28978","targetHints":{"allow":["GET"]}}],"collection":[{"href":"https:\/\/bobbyandfriends.ch\/en\/wp-json\/wp\/v2\/pages"}],"about":[{"href":"https:\/\/bobbyandfriends.ch\/en\/wp-json\/wp\/v2\/types\/page"}],"author":[{"embeddable":true,"href":"https:\/\/bobbyandfriends.ch\/en\/wp-json\/wp\/v2\/users\/3"}],"replies":[{"embeddable":true,"href":"https:\/\/bobbyandfriends.ch\/en\/wp-json\/wp\/v2\/comments?post=28978"}],"version-history":[{"count":0,"href":"https:\/\/bobbyandfriends.ch\/en\/wp-json\/wp\/v2\/pages\/28978\/revisions"}],"wp:attachment":[{"href":"https:\/\/bobbyandfriends.ch\/en\/wp-json\/wp\/v2\/media?parent=28978"}],"curies":[{"name":"wp","href":"https:\/\/api.w.org\/{rel}","templated":true}]}}